{"id":3,"date":"2023-04-06T09:16:12","date_gmt":"2023-04-06T12:16:12","guid":{"rendered":"https:\/\/menegotti.net\/es\/?page_id=3"},"modified":"2024-11-11T10:58:44","modified_gmt":"2024-11-11T13:58:44","slug":"politica-de-privacidade","status":"publish","type":"page","link":"https:\/\/menegotti.net\/es\/politica-de-privacidade\/","title":{"rendered":"Pol\u00edtica de Privacidad"},"content":{"rendered":"\t\t<div data-elementor-type=\"wp-page\" data-elementor-id=\"3\" class=\"elementor elementor-3\" data-elementor-post-type=\"page\">\n\t\t\t\t\t\t<section class=\"elementor-section elementor-top-section elementor-element elementor-element-bd0e559 elementor-section-boxed elementor-section-height-default elementor-section-height-default\" data-id=\"bd0e559\" data-element_type=\"section\" data-settings=\"{&quot;jet_parallax_layout_list&quot;:[]}\">\n\t\t\t\t\t\t<div class=\"elementor-container elementor-column-gap-default\">\n\t\t\t\t\t<div class=\"elementor-column elementor-col-100 elementor-top-column elementor-element elementor-element-e7a5dc1\" data-id=\"e7a5dc1\" data-element_type=\"column\">\n\t\t\t<div class=\"elementor-widget-wrap elementor-element-populated\">\n\t\t\t\t\t\t<section class=\"elementor-section elementor-inner-section elementor-element elementor-element-8ef687b elementor-section-height-default elementor-section-boxed elementor-section-height-default\" data-id=\"8ef687b\" data-element_type=\"section\" data-settings=\"{&quot;jet_parallax_layout_list&quot;:[]}\">\n\t\t\t\t\t\t<div class=\"elementor-container elementor-column-gap-default\">\n\t\t\t\t\t<div class=\"elementor-column elementor-col-100 elementor-top-column elementor-element elementor-element-fe3a8b3\" data-id=\"fe3a8b3\" data-element_type=\"column\">\n\t\t\t<div class=\"elementor-widget-wrap elementor-element-populated\">\n\t\t\t\t\t\t<div class=\"elementor-element elementor-element-fb805b1 elementor-align-left elementor-widget elementor-widget-button\" data-id=\"fb805b1\" data-element_type=\"widget\" data-widget_type=\"button.default\">\n\t\t\t\t<div class=\"elementor-widget-container\">\n\t\t\t\t\t\t\t\t\t<div class=\"elementor-button-wrapper\">\n\t\t\t\t\t<a class=\"elementor-button elementor-button-link elementor-size-sm\" href=\"https:\/\/menegotti.net\/es\">\n\t\t\t\t\t\t<span class=\"elementor-button-content-wrapper\">\n\t\t\t\t\t\t\t\t\t<span class=\"elementor-button-text\">Volver<\/span>\n\t\t\t\t\t<\/span>\n\t\t\t\t\t<\/a>\n\t\t\t\t<\/div>\n\t\t\t\t\t\t\t\t<\/div>\n\t\t\t\t<\/div>\n\t\t\t\t<div class=\"elementor-element elementor-element-0942281 elementor-widget elementor-widget-heading\" data-id=\"0942281\" data-element_type=\"widget\" data-widget_type=\"heading.default\">\n\t\t\t\t<div class=\"elementor-widget-container\">\n\t\t\t\t\t<h2 class=\"elementor-heading-title elementor-size-default\">Pol\u00edtica de Privacidad<\/h2>\t\t\t\t<\/div>\n\t\t\t\t<\/div>\n\t\t\t\t<div class=\"elementor-element elementor-element-4be7c17 elementor-widget elementor-widget-text-editor\" data-id=\"4be7c17\" data-element_type=\"widget\" data-widget_type=\"text-editor.default\">\n\t\t\t\t<div class=\"elementor-widget-container\">\n\t\t\t\t\t\t\t\t\tEs pol\u00edtica de <b>Menegotti &#8211; M\u00e1quinas e Equipamentos<\/b> Respetamos su privacidad en relaci\u00f3n con cualquier informaci\u00f3n que podamos recopilar en el sitio web y en otros sitios que poseemos y operamos. <br><br> Solicitamos informaci\u00f3n personal solo cuando realmente la necesitamos para proporcionarle un servicio. Lo hacemos de manera justa y legal, con su conocimiento y consentimiento. Tambi\u00e9n le informamos sobre por qu\u00e9 estamos recopilando la informaci\u00f3n y c\u00f3mo ser\u00e1 utilizada. <br><br> Solo retenemos la informaci\u00f3n recopilada durante el tiempo necesario para proporcionar el servicio solicitado. Cuando almacenamos datos, los protegemos dentro de medios comercialmente aceptables para evitar p\u00e9rdidas y robos, as\u00ed como el acceso, divulgaci\u00f3n, copia, uso o modificaci\u00f3n no autorizados. <br><br> No compartimos informaci\u00f3n de identificaci\u00f3n personal p\u00fablicamente ni con terceros, excepto cuando sea requerido por la ley. <br><br> Nuestro sitio puede contener enlaces a sitios externos que no son operados por nosotros. Tenga en cuenta que no tenemos control sobre el contenido y las pr\u00e1cticas de esos sitios y no podemos aceptar responsabilidad por sus respectivas pol\u00edticas de privacidad. <br><br> Usted es libre de rechazar nuestra solicitud de informaci\u00f3n personal, entendiendo que tal vez no podamos proporcionarle algunos de los servicios deseados. <br><br> El uso continuado de nuestro sitio web se considerar\u00e1 como aceptaci\u00f3n de nuestras pr\u00e1cticas en torno a la privacidad y la informaci\u00f3n personal. Si tiene alguna pregunta sobre c\u00f3mo manejamos los datos de los usuarios y la informaci\u00f3n personal, p\u00f3ngase en contacto con nosotros. <br><br> El servicio Google AdSense que usamos para mostrar publicidad utiliza una cookie DoubleClick para mostrar anuncios m\u00e1s relevantes en toda la web y limitar la cantidad de veces que se muestra un determinado anuncio. Para m\u00e1s informaci\u00f3n sobre Google AdSense, consulte las preguntas frecuentes oficiales sobre privacidad de Google AdSense. <br><br> Utilizamos anuncios para compensar los costos de funcionamiento de este sitio y proporcionar financiamiento para futuros desarrollos. Las cookies de publicidad comportamental utilizadas por este sitio est\u00e1n dise\u00f1adas para garantizar que reciba los anuncios m\u00e1s relevantes siempre que sea posible, rastreando an\u00f3nimamente sus intereses y present\u00e1ndole cosas similares que puedan ser de su inter\u00e9s. Varios socios publicitarios anuncian en nuestro nombre, y las cookies de seguimiento de afiliados simplemente nos permiten ver si nuestros clientes han accedido al sitio a trav\u00e9s de uno de los sitios de nuestros socios, para que podamos acreditarlos adecuadamente y, cuando corresponda, permitir que nuestros socios afiliados ofrezcan cualquier promoci\u00f3n que puedan brindarle para realizar una compra.\t\t\t\t\t\t\t\t<\/div>\n\t\t\t\t<\/div>\n\t\t\t\t<div class=\"elementor-element elementor-element-d1850b2 elementor-widget elementor-widget-heading\" data-id=\"d1850b2\" data-element_type=\"widget\" data-widget_type=\"heading.default\">\n\t\t\t\t<div class=\"elementor-widget-container\">\n\t\t\t\t\t<h2 class=\"elementor-heading-title elementor-size-default\">Compromisos del usuario<\/h2>\t\t\t\t<\/div>\n\t\t\t\t<\/div>\n\t\t\t\t<div class=\"elementor-element elementor-element-ac453a6 elementor-widget elementor-widget-text-editor\" data-id=\"ac453a6\" data-element_type=\"widget\" data-widget_type=\"text-editor.default\">\n\t\t\t\t<div class=\"elementor-widget-container\">\n\t\t\t\t\t\t\t\t\t<p>El usuario se compromete a hacer un uso adecuado de los contenidos y la informaci\u00f3n que ofrecemos en el sitio, con car\u00e1cter enunciativo, pero no limitativo:<\/p><ul><li>A) No involucrarse en actividades que sean ilegales o contrarias a la buena fe y al orden p\u00fablico;<\/li><li>B) No difundir propaganda o contenido de naturaleza racista, xenof\u00f3bica o azarosa, cualquier tipo de pornograf\u00eda ilegal, apolog\u00eda del terrorismo o contra los derechos humanos;<\/li><li>C) No causar da\u00f1os a los sistemas f\u00edsicos (hardware) y l\u00f3gicos (software) nuestros o de terceros, ni introducir o difundir virus inform\u00e1ticos o cualquier otro sistema de hardware o software que pueda causar los da\u00f1os anteriormente mencionados.<\/li><\/ul>\t\t\t\t\t\t\t\t<\/div>\n\t\t\t\t<\/div>\n\t\t\t\t<div class=\"elementor-element elementor-element-20c676b elementor-widget elementor-widget-heading\" data-id=\"20c676b\" data-element_type=\"widget\" data-widget_type=\"heading.default\">\n\t\t\t\t<div class=\"elementor-widget-container\">\n\t\t\t\t\t<h2 class=\"elementor-heading-title elementor-size-default\">M\u00e1s informaci\u00f3n<\/h2>\t\t\t\t<\/div>\n\t\t\t\t<\/div>\n\t\t\t\t<div class=\"elementor-element elementor-element-550aa7b elementor-widget elementor-widget-text-editor\" data-id=\"550aa7b\" data-element_type=\"widget\" data-widget_type=\"text-editor.default\">\n\t\t\t\t<div class=\"elementor-widget-container\">\n\t\t\t\t\t\t\t\t\t<p>Esperamos que haya quedado claro y, como se mencion\u00f3 anteriormente, si hay algo sobre lo que no est\u00e1 seguro si lo necesita o no, generalmente es m\u00e1s seguro dejar los cookies activados, en caso de que interact\u00fae con alguno de los recursos que utiliza en nuestro sitio web.<\/p>\t\t\t\t\t\t\t\t<\/div>\n\t\t\t\t<\/div>\n\t\t\t\t\t<\/div>\n\t\t<\/div>\n\t\t\t\t\t<\/div>\n\t\t<\/section>\n\t\t\t\t\t<\/div>\n\t\t<\/div>\n\t\t\t\t\t<\/div>\n\t\t<\/section>\n\t\t\t\t<\/div>\n\t\t","protected":false},"excerpt":{"rendered":"<p>Volver Pol\u00edtica de Privacidad Compromisos del usuario El usuario se compromete a hacer un uso adecuado de los contenidos y la informaci\u00f3n que ofrecemos en el sitio, con car\u00e1cter enunciativo, pero no limitativo: A) No involucrarse en actividades que sean ilegales o contrarias a la buena fe y al orden p\u00fablico; B) No difundir propaganda [&hellip;]<\/p>\n","protected":false},"author":1,"featured_media":0,"parent":0,"menu_order":0,"comment_status":"closed","ping_status":"closed","template":"elementor_canvas","meta":{"footnotes":""},"class_list":["post-3","page","type-page","status-publish","hentry"],"_links":{"self":[{"href":"https:\/\/menegotti.net\/es\/wp-json\/wp\/v2\/pages\/3","targetHints":{"allow":["GET"]}}],"collection":[{"href":"https:\/\/menegotti.net\/es\/wp-json\/wp\/v2\/pages"}],"about":[{"href":"https:\/\/menegotti.net\/es\/wp-json\/wp\/v2\/types\/page"}],"author":[{"embeddable":true,"href":"https:\/\/menegotti.net\/es\/wp-json\/wp\/v2\/users\/1"}],"replies":[{"embeddable":true,"href":"https:\/\/menegotti.net\/es\/wp-json\/wp\/v2\/comments?post=3"}],"version-history":[{"count":22,"href":"https:\/\/menegotti.net\/es\/wp-json\/wp\/v2\/pages\/3\/revisions"}],"predecessor-version":[{"id":2146,"href":"https:\/\/menegotti.net\/es\/wp-json\/wp\/v2\/pages\/3\/revisions\/2146"}],"wp:attachment":[{"href":"https:\/\/menegotti.net\/es\/wp-json\/wp\/v2\/media?parent=3"}],"curies":[{"name":"wp","href":"https:\/\/api.w.org\/{rel}","templated":true}]}}